{"id":7,"date":"2020-11-19T11:12:46","date_gmt":"2020-11-19T08:12:46","guid":{"rendered":"http:\/\/sonohealthturkiye.com\/?page_id=7"},"modified":"2023-04-18T10:35:27","modified_gmt":"2023-04-18T07:35:27","slug":"hakkimizda","status":"publish","type":"page","link":"http:\/\/sonohealthturkiye.com\/index.php\/hakkimizda\/","title":{"rendered":"Hakk\u0131m\u0131zda"},"content":{"rendered":"\n<p class=\"has-large-font-size\">Sa\u011fl\u0131k sekt\u00f6r\u00fcnde biyomedikal m\u00fchendisli\u011fi alan\u0131nda e\u011fitimli, uzman ve y\u00fcksek deneyime sahip ekibiyle Renkli Doppler Ultrasonografi, Ekokardiyografi, g\u00f6r\u00fcnt\u00fcleme sistemleri aplikasyonu ve servisindeki edinmi\u015f oldu\u011fu 20 y\u0131ll\u0131k deneyimiyle siz profesyonellerimize en iyi hizmeti sunmaya ve \u00e7\u00f6z\u00fcm orta\u011f\u0131n\u0131z olmaya devam etmektedir. <\/p>\n\n\n\n<p class=\"has-large-font-size\"><strong>\u015eirketimiz SonoHealth Kablosuz Ultrason Sistemlerinin T\u00fcrkiye&#8217;de Yetkili Tek Distrib\u00fct\u00f6r\u00fcd\u00fcr.  <\/strong><\/p>\n\n\n\n<p><\/p>\n","protected":false},"excerpt":{"rendered":"<p>Sa\u011fl\u0131k sekt\u00f6r\u00fcnde biyomedikal m\u00fchendisli\u011fi alan\u0131nda e\u011fitimli, uzman ve y\u00fcksek deneyime sahip ekibiyle Renkli Doppler Ultrasonografi, Ekokardiyografi, g\u00f6r\u00fcnt\u00fcleme sistemleri aplikasyonu ve servisindeki edinmi\u015f oldu\u011fu 20 y\u0131ll\u0131k deneyimiyle siz profesyonellerimize en iyi hizmeti sunmaya ve \u00e7\u00f6z\u00fcm orta\u011f\u0131n\u0131z olmaya devam etmektedir. \u015eirketimiz SonoHealth Kablosuz Ultrason Sistemlerinin T\u00fcrkiye&#8217;de Yetkili Tek Distrib\u00fct\u00f6r\u00fcd\u00fcr.<\/p>\n","protected":false},"author":1,"featured_media":0,"parent":0,"menu_order":0,"comment_status":"closed","ping_status":"closed","template":"","meta":[],"_links":{"self":[{"href":"http:\/\/sonohealthturkiye.com\/index.php\/wp-json\/wp\/v2\/pages\/7"}],"collection":[{"href":"http:\/\/sonohealthturkiye.com\/index.php\/wp-json\/wp\/v2\/pages"}],"about":[{"href":"http:\/\/sonohealthturkiye.com\/index.php\/wp-json\/wp\/v2\/types\/page"}],"author":[{"embeddable":true,"href":"http:\/\/sonohealthturkiye.com\/index.php\/wp-json\/wp\/v2\/users\/1"}],"replies":[{"embeddable":true,"href":"http:\/\/sonohealthturkiye.com\/index.php\/wp-json\/wp\/v2\/comments?post=7"}],"version-history":[{"count":11,"href":"http:\/\/sonohealthturkiye.com\/index.php\/wp-json\/wp\/v2\/pages\/7\/revisions"}],"predecessor-version":[{"id":547,"href":"http:\/\/sonohealthturkiye.com\/index.php\/wp-json\/wp\/v2\/pages\/7\/revisions\/547"}],"wp:attachment":[{"href":"http:\/\/sonohealthturkiye.com\/index.php\/wp-json\/wp\/v2\/media?parent=7"}],"curies":[{"name":"wp","href":"https:\/\/api.w.org\/{rel}","templated":true}]}}